{"id":23,"date":"2019-02-20T17:50:13","date_gmt":"2019-02-20T17:50:13","guid":{"rendered":"https:\/\/dev2.michaelhomeyer.de\/?page_id=23"},"modified":"2019-03-15T12:45:37","modified_gmt":"2019-03-15T12:45:37","slug":"umweltmanagement","status":"publish","type":"page","link":"https:\/\/dev2.michaelhomeyer.de\/?page_id=23","title":{"rendered":"Umweltmanagement"},"content":{"rendered":"<p><div class=\"fusion-fullwidth fullwidth-box fusion-builder-row-1 hundred-percent-fullwidth non-hundred-percent-height-scrolling\"  style='background-color: rgba(255,255,255,0);background-position: center center;background-repeat: no-repeat;padding-top:0px;padding-right:0px;padding-bottom:0px;padding-left:0px;margin-top: -50px;'><div class=\"fusion-builder-row fusion-row \"><div  class=\"fusion-layout-column fusion_builder_column fusion_builder_column_1_1 fusion-builder-column-1 fusion-one-full fusion-column-first fusion-column-last 1_1\"  style='margin-top:0px;margin-bottom:20px;'>\n\t\t\t\t\t<div class=\"fusion-column-wrapper\" style=\"padding: 0px 0px 0px 0px;background-position:left top;background-repeat:no-repeat;-webkit-background-size:cover;-moz-background-size:cover;-o-background-size:cover;background-size:cover;\"   data-bg-url=\"\">\n\t\t\t\t\t\t<div class=\"imageframe-align-center\"><span class=\"fusion-imageframe imageframe-none imageframe-1 hover-type-none\"><img loading=\"lazy\" decoding=\"async\" src=\"https:\/\/dev2.michaelhomeyer.de\/wp-content\/uploads\/mh_header_01.jpg\" width=\"2560\" height=\"800\" alt=\"\" title=\"mh_header_01\" class=\"img-responsive wp-image-251\" srcset=\"https:\/\/dev2.michaelhomeyer.de\/wp-content\/uploads\/mh_header_01-200x63.jpg 200w, https:\/\/dev2.michaelhomeyer.de\/wp-content\/uploads\/mh_header_01-400x125.jpg 400w, https:\/\/dev2.michaelhomeyer.de\/wp-content\/uploads\/mh_header_01-600x188.jpg 600w, https:\/\/dev2.michaelhomeyer.de\/wp-content\/uploads\/mh_header_01-800x250.jpg 800w, https:\/\/dev2.michaelhomeyer.de\/wp-content\/uploads\/mh_header_01-1200x375.jpg 1200w, https:\/\/dev2.michaelhomeyer.de\/wp-content\/uploads\/mh_header_01.jpg 2560w\" sizes=\"auto, (max-width: 800px) 100vw, 2560px\" \/><\/span><\/div><div class=\"fusion-clearfix\"><\/div>\n\n\t\t\t\t\t<\/div>\n\t\t\t\t<\/div><\/div><\/div><div class=\"fusion-fullwidth fullwidth-box fusion-builder-row-2 nonhundred-percent-fullwidth non-hundred-percent-height-scrolling\"  style='background-color: rgba(255,255,255,0);background-position: center center;background-repeat: no-repeat;padding-top:0px;padding-right:0px;padding-bottom:0px;padding-left:0px;margin-bottom: 50px;'><div class=\"fusion-builder-row fusion-row \"><div  class=\"fusion-layout-column fusion_builder_column fusion_builder_column_1_3 fusion-builder-column-2 fusion-one-third fusion-column-first 1_3\"  style='margin-top:0px;margin-bottom:20px;width:33.33%;width:calc(33.33% - ( ( 4% ) * 0.3333 ) );margin-right: 4%;'>\n\t\t\t\t\t<div class=\"fusion-column-wrapper\" style=\"padding: 0px 0px 0px 0px;background-position:left top;background-repeat:no-repeat;-webkit-background-size:cover;-moz-background-size:cover;-o-background-size:cover;background-size:cover;\"   data-bg-url=\"\">\n\t\t\t\t\t\t<div class=\"fusion-text\"><h1>Umwelt-Management<\/h1>\n<\/div><div class=\"fusion-clearfix\"><\/div>\n\n\t\t\t\t\t<\/div>\n\t\t\t\t<\/div><div  class=\"fusion-layout-column fusion_builder_column fusion_builder_column_1_2 fusion-builder-column-3 fusion-one-half fusion-column-last 1_2\"  style='margin-top:0px;margin-bottom:20px;width:50%;width:calc(50% - ( ( 4% ) * 0.5 ) );'>\n\t\t\t\t\t<div class=\"fusion-column-wrapper\" style=\"padding: 1.5em 0px 0px 0px;background-position:left top;background-repeat:no-repeat;-webkit-background-size:cover;-moz-background-size:cover;-o-background-size:cover;background-size:cover;\"   data-bg-url=\"\">\n\t\t\t\t\t\t<div class=\"fusion-text\"><p>Der Naturhaushalt ist unsere zentrale Ressource. Ressourcenschonung durch ein systematisches, aktiv vorausschauendes Handeln sichert unsere Lebensgrundlagen.<\/p>\n<\/div><div class=\"fusion-clearfix\"><\/div>\n\n\t\t\t\t\t<\/div>\n\t\t\t\t<\/div><\/div><\/div><div class=\"fusion-fullwidth fullwidth-box fusion-builder-row-3 nonhundred-percent-fullwidth non-hundred-percent-height-scrolling\"  style='background-color: #f7f7f7;background-position: center center;background-repeat: no-repeat;padding-top:0px;padding-right:0px;padding-bottom:8em;padding-left:0px;'><div class=\"fusion-builder-row fusion-row \"><div  class=\"fusion-layout-column fusion_builder_column fusion_builder_column_1_1 fusion-builder-column-4 fusion-one-full fusion-column-first fusion-column-last 1_1\"  style='margin-top:0px;margin-bottom:20px;'>\n\t\t\t\t\t<div class=\"fusion-column-wrapper\" style=\"padding: 0px 0px 0px 0px;background-position:left top;background-repeat:no-repeat;-webkit-background-size:cover;-moz-background-size:cover;-o-background-size:cover;background-size:cover;\"   data-bg-url=\"\">\n\t\t\t\t\t\t<div class=\"fusion-text\"><h2>Unsere Leistungen<\/h2>\n<\/div><div class=\"fusion-clearfix\"><\/div>\n\n\t\t\t\t\t<\/div>\n\t\t\t\t<\/div><div  class=\"fusion-layout-column fusion_builder_column fusion_builder_column_1_2 fusion-builder-column-5 fusion-one-half fusion-column-first 1_2\"  style='margin-top:0px;margin-bottom:20px;width:50%;width:calc(50% - ( ( 4% ) * 0.5 ) );margin-right: 4%;'>\n\t\t\t\t\t<div class=\"fusion-column-wrapper\" style=\"padding: 0px 0px 0px 0px;background-position:left top;background-repeat:no-repeat;-webkit-background-size:cover;-moz-background-size:cover;-o-background-size:cover;background-size:cover;\"   data-bg-url=\"\">\n\t\t\t\t\t\t<div class=\"fusion-text\"><h4>Hintergrund<\/h4>\n<p>Die im Betrieb verwendeten Ressourcen und deren Verbr\u00e4uche werden systematisch gesteuert mit dem Ziel, die Umweltvertr\u00e4glichkeit der Produkte, Prozesse und des Mitarbeiterverhaltens sicherzustellen. Denn der Naturhaushalt ist unsere zentrale Ressource. Ressourcenschonung durch ein systematisches, aktiv vorausschauendes Handeln sichert unsere Lebensgrundlagen.<\/p>\n<ul>\n<li>Sie wollen die Umweltauswirkung des Betriebs verbessern und damit <strong>Kosten einsparen?<\/strong><\/li>\n<li>Sie wollen verbindliche Informationen \u00fcber <strong>umweltrechtliche Neuerungen<\/strong> und diese integrieren?<\/li>\n<li>Sie wollen eine <strong>kompetente innere Haltung zur Ressourcenschonung<\/strong> f\u00fcr ihre Mitarbeiter entwickeln?<\/li>\n<\/ul>\n<p>Innerhalb einer differenzierten Auftragskl\u00e4rung finden wir ihren pr\u00e4zisen Handlungsbedarf heraus:<br \/>\nJe nachdem, ob er eher sektoral oder unternehmens\u00fcbergreifend ist, kommen <strong>folgende Angebote<\/strong> f\u00fcr Sie in Frage:<\/p>\n<\/div><div class=\"fusion-clearfix\"><\/div>\n\n\t\t\t\t\t<\/div>\n\t\t\t\t<\/div><div  class=\"fusion-layout-column fusion_builder_column fusion_builder_column_1_2 fusion-builder-column-6 fusion-one-half fusion-column-last 1_2\"  style='margin-top:0px;margin-bottom:20px;width:50%;width:calc(50% - ( ( 4% ) * 0.5 ) );'>\n\t\t\t\t\t<div class=\"fusion-column-wrapper\" style=\"padding: 0px 0px 0px 0px;background-position:left top;background-repeat:no-repeat;-webkit-background-size:cover;-moz-background-size:cover;-o-background-size:cover;background-size:cover;\"   data-bg-url=\"\">\n\t\t\t\t\t\t<div class=\"fusion-text\"><h4>Kurzzeitberatung<\/h4>\n<p>Ein- bis dreit\u00e4giger \u201eUmweltcheck\u201c<\/p>\n<h4>Strategische Beratung<\/h4>\n<p>Fachliche Unterst\u00fctzung und Moderation von Zielfindungsprozessen, Erarbeitung von Unternehmensleitlinien, Umweltleistungsbewertung anhand von Kennzahlen.<\/p>\n<h4>Managementsysteme<\/h4>\n<p>Einf\u00fchrung und Belebung von Managementsystemen nach ISO 14001, \u00d6KOPROFIT und betriebseigenen Systemen; Upgrade auf die \u201eHigh-Level-Structure\u201c<\/p>\n<h4>Rechtsvorschriftenservice<\/h4>\n<p>Stetige Anpassung des betrieblichen Rechtskatasters an den aktuellen Stand \u2013 auf Wunsch Umsetzungsbegleitung der neuen Norm(-en) im Betrieb<\/p>\n<h4>Footprint<\/h4>\n<p>Betrachtung der Produktlebenswege mit vor- und nachgelagerten Umweltauswirkungen \/ \u00d6kobilanz<\/p>\n<h4>Ausbildung von<\/h4>\n<p>Betriebliche Umweltmanager (St\u00e4be, Beauftragte, F\u00fchrungskr\u00e4fte); interne Auditoren nach ISO 19000<\/p>\n<\/div><div class=\"fusion-clearfix\"><\/div>\n\n\t\t\t\t\t<\/div>\n\t\t\t\t<\/div><\/div><\/div><div class=\"fusion-fullwidth fullwidth-box fusion-builder-row-4 nonhundred-percent-fullwidth non-hundred-percent-height-scrolling\"  style='background-color: #ffffff;background-position: center center;background-repeat: no-repeat;padding-top:0px;padding-right:0px;padding-bottom:8em;padding-left:0px;'><div class=\"fusion-builder-row fusion-row \"><div  class=\"fusion-layout-column fusion_builder_column fusion_builder_column_1_1 fusion-builder-column-7 fusion-one-full fusion-column-first fusion-column-last 1_1\"  style='margin-top:0px;margin-bottom:20px;'>\n\t\t\t\t\t<div class=\"fusion-column-wrapper\" style=\"padding: 0px 0px 0px 0px;background-position:left top;background-repeat:no-repeat;-webkit-background-size:cover;-moz-background-size:cover;-o-background-size:cover;background-size:cover;\"   data-bg-url=\"\">\n\t\t\t\t\t\t<div class=\"fusion-text\"><h2>Ihr Nutzen<\/h2>\n<\/div><div class=\"fusion-clearfix\"><\/div>\n\n\t\t\t\t\t<\/div>\n\t\t\t\t<\/div><div  class=\"fusion-layout-column fusion_builder_column fusion_builder_column_1_2 fusion-builder-column-8 fusion-one-half fusion-column-first 1_2\"  style='margin-top:0px;margin-bottom:20px;width:50%;width:calc(50% - ( ( 4% ) * 0.5 ) );margin-right: 4%;'>\n\t\t\t\t\t<div class=\"fusion-column-wrapper\" style=\"padding: 0px 0px 0px 0px;background-position:left top;background-repeat:no-repeat;-webkit-background-size:cover;-moz-background-size:cover;-o-background-size:cover;background-size:cover;\"   data-bg-url=\"\">\n\t\t\t\t\t\t<div class=\"fusion-text\"><p>J\u00e4hrliche Kosteneinsparungen erzielen Sie innerhalb <strong>kurzer Zeit<\/strong> durch das punktuelle Aufdecken von Potenzialen. Das f\u00fchrt oft zu vielf\u00e4ltigen weiteren Anregungen f\u00fcr Verbesserungsma\u00dfnahmen und deren Umsetzung. Nicht selten k\u00f6nnen finanzielle F\u00f6rderungen in Anspruch genommen werden.<\/p>\n<p><strong>Langfristig<\/strong> erreichen Sie eine systematische Organisation des Umweltschutzes im Betrieb, welche mehr Datentransparenz, eine kontinuierliche Ma\u00dfnahmeplanung, eine Kl\u00e4rung der Rollen und Verantwortlichkeiten und mehr Rechtssicherheit bedeutet. Diese langfristig angelegte Strategie f\u00fchrt zu kontinuierlich sinkenden Betriebskosten und reduziert das R\u00fcckfallrisiko in alte Verh\u00e4ltnisse.<\/p>\n<\/div><div class=\"fusion-clearfix\"><\/div>\n\n\t\t\t\t\t<\/div>\n\t\t\t\t<\/div><div  class=\"fusion-layout-column fusion_builder_column fusion_builder_column_1_2 fusion-builder-column-9 fusion-one-half fusion-column-last 1_2\"  style='margin-top:0px;margin-bottom:20px;width:50%;width:calc(50% - ( ( 4% ) * 0.5 ) );'>\n\t\t\t\t\t<div class=\"fusion-column-wrapper\" style=\"padding: 0px 0px 0px 0px;background-position:left top;background-repeat:no-repeat;-webkit-background-size:cover;-moz-background-size:cover;-o-background-size:cover;background-size:cover;\"   data-bg-url=\"\">\n\t\t\t\t\t\t<div class=\"fusion-text\"><p>Dadurch ergeben sich weitere dauerhafte <strong>strategische Vorteile.<\/strong> Hierzu z\u00e4hlt z. B. eine wachsende Identifikation der Mitarbeiter mit dem Betrieb. Durch eine innovativere Kultur sind Betrieb und F\u00fchrung den komplexen Anforderungen der Zeit gewachsen. Der Betrieb sichert sich eine souver\u00e4nere Position am Markt, verbessert seine Wettbewerbsf\u00e4higkeit und vollzieht einen zentralen Schritt in das \u201eNachhaltige Wirtschaften\u201c.<\/p>\n<\/div><div class=\"fusion-clearfix\"><\/div>\n\n\t\t\t\t\t<\/div>\n\t\t\t\t<\/div><\/div><\/div><\/p>\n","protected":false},"excerpt":{"rendered":"","protected":false},"author":1,"featured_media":0,"parent":10,"menu_order":1,"comment_status":"closed","ping_status":"closed","template":"100-width.php","meta":{"footnotes":""},"class_list":["post-23","page","type-page","status-publish","hentry"],"_links":{"self":[{"href":"https:\/\/dev2.michaelhomeyer.de\/index.php?rest_route=\/wp\/v2\/pages\/23","targetHints":{"allow":["GET"]}}],"collection":[{"href":"https:\/\/dev2.michaelhomeyer.de\/index.php?rest_route=\/wp\/v2\/pages"}],"about":[{"href":"https:\/\/dev2.michaelhomeyer.de\/index.php?rest_route=\/wp\/v2\/types\/page"}],"author":[{"embeddable":true,"href":"https:\/\/dev2.michaelhomeyer.de\/index.php?rest_route=\/wp\/v2\/users\/1"}],"replies":[{"embeddable":true,"href":"https:\/\/dev2.michaelhomeyer.de\/index.php?rest_route=%2Fwp%2Fv2%2Fcomments&post=23"}],"version-history":[{"count":28,"href":"https:\/\/dev2.michaelhomeyer.de\/index.php?rest_route=\/wp\/v2\/pages\/23\/revisions"}],"predecessor-version":[{"id":272,"href":"https:\/\/dev2.michaelhomeyer.de\/index.php?rest_route=\/wp\/v2\/pages\/23\/revisions\/272"}],"up":[{"embeddable":true,"href":"https:\/\/dev2.michaelhomeyer.de\/index.php?rest_route=\/wp\/v2\/pages\/10"}],"wp:attachment":[{"href":"https:\/\/dev2.michaelhomeyer.de\/index.php?rest_route=%2Fwp%2Fv2%2Fmedia&parent=23"}],"curies":[{"name":"wp","href":"https:\/\/api.w.org\/{rel}","templated":true}]}}